{"id":8,"date":"2021-10-19T06:14:20","date_gmt":"2021-10-19T06:14:20","guid":{"rendered":"https:\/\/immobilien.auswandern.es\/add-listing\/"},"modified":"2024-09-10T04:36:02","modified_gmt":"2024-09-10T02:36:02","slug":"add-listing","status":"publish","type":"page","link":"https:\/\/immobilien.auswandern.world\/es\/add-listing\/","title":{"rendered":"Agregar listado"},"content":{"rendered":"<div data-elementor-type=\"wp-page\" data-elementor-id=\"8\" class=\"elementor elementor-8\" data-elementor-post-type=\"page\">\n\t\t\t\t\t\t<section class=\"elementor-section elementor-top-section elementor-element elementor-element-382b28ec elementor-section-boxed elementor-section-height-default elementor-section-height-default\" data-id=\"382b28ec\" data-element_type=\"section\" data-e-type=\"section\">\n\t\t\t\t\t\t<div class=\"elementor-container elementor-column-gap-default\">\n\t\t\t\t\t<div class=\"elementor-column elementor-col-100 elementor-top-column elementor-element elementor-element-1e238971\" data-id=\"1e238971\" data-element_type=\"column\" data-e-type=\"column\">\n\t\t\t<div class=\"elementor-widget-wrap elementor-element-populated\">\n\t\t\t\t\t\t<div class=\"elementor-element elementor-element-74557a14 elementor-widget elementor-widget-shortcode\" data-id=\"74557a14\" data-element_type=\"widget\" data-e-type=\"widget\" data-widget_type=\"shortcode.default\">\n\t\t\t\t<div class=\"elementor-widget-container\">\n\t\t\t\t\t\t\t<div class=\"elementor-shortcode\">                <section class=\"directory_wrapper single_area\">\n                                <div class=\"notice_wrapper\">\n                <div class=\"directorist-alert directorist-alert-warning\"><i class=\"directorist-icon-mask\" aria-hidden=\"true\" style=\"--directorist-icon: url(https:\/\/immobilien.auswandern.world\/wp-content\/plugins\/directorist\/assets\/icons\/line-awesome\/svgs\/info-circle-solid.svg)\"><\/i> You need to be logged in to view the content of this page. You can login\/sign up .<\/div>\n            <\/div>\n                            <\/section>\n                <\/div>\n\t\t\t\t\t\t<\/div>\n\t\t\t\t<\/div>\n\t\t\t\t\t<\/div>\n\t\t<\/div>\n\t\t\t\t\t<\/div>\n\t\t<\/section>\n\t\t\t\t<section class=\"elementor-section elementor-top-section elementor-element elementor-element-57f40ac elementor-section-boxed elementor-section-height-default elementor-section-height-default\" data-id=\"57f40ac\" data-element_type=\"section\" data-e-type=\"section\">\n\t\t\t\t\t\t\t<div class=\"elementor-background-overlay\"><\/div>\n\t\t\t\t\t\t\t<div class=\"elementor-container elementor-column-gap-default\">\n\t\t\t\t\t<div class=\"elementor-column elementor-col-100 elementor-top-column elementor-element elementor-element-a2c0d30\" data-id=\"a2c0d30\" data-element_type=\"column\" data-e-type=\"column\">\n\t\t\t<div class=\"elementor-widget-wrap elementor-element-populated\">\n\t\t\t\t\t\t<div class=\"elementor-element elementor-element-9242d73 elementor-widget elementor-widget-text-editor\" data-id=\"9242d73\" data-element_type=\"widget\" data-e-type=\"widget\" data-widget_type=\"text-editor.default\">\n\t\t\t\t<div class=\"elementor-widget-container\">\n\t\t\t\t\t\t\t\t\t<h6><strong>Se deben aceptar las bases legales.<\/strong><\/h6><p>(A veces podemos copiar textos en Ultra casa)<br \/>Despu\u00e9s del pago, el administrador del sitio web autoriza y activa el anuncio.<br \/>Exclusi\u00f3n de garant\u00eda y responsabilidad:<br \/>Las ofertas inmobiliarias son ventas privadas. Cada proveedor es responsable del contenido. El interesado deber\u00e1 solicitar la informaci\u00f3n al prestador y comprobarla bajo su propia responsabilidad antes de celebrar el contrato. <br \/>El sitio web cobra una tarifa por la presentaci\u00f3n en l\u00ednea, pero no act\u00faa como agente o proveedor de la propiedad. <br \/>En caso de reclamaci\u00f3n de recurso y responsabilidad, el comprador o interesado deber\u00e1 ponerse en contacto con el proveedor o vendedor.<br \/>La web inmobiliaria se distancia de esto <br \/>Contenido de la informaci\u00f3n y rechaza cualquier responsabilidad.<\/p><p><strong>santa cruz de la sierra\u00a0<\/strong><br \/><strong>Septiembre 2024<\/strong><\/p>\t\t\t\t\t\t\t\t<\/div>\n\t\t\t\t<\/div>\n\t\t\t\t\t<\/div>\n\t\t<\/div>\n\t\t\t\t\t<\/div>\n\t\t<\/section>\n\t\t\t\t<\/div>","protected":false},"excerpt":{"rendered":"<p>Se deben aceptar las bases legales. (A veces podemos copiar textos en Ultra casa) Despu\u00e9s del pago, el administrador del sitio web autoriza y activa el anuncio Exclusi\u00f3n de garant\u00eda y responsabilidad: Con [\u2026]<\/p>","protected":false},"author":0,"featured_media":0,"parent":0,"menu_order":0,"comment_status":"closed","ping_status":"closed","template":"","meta":{"footnotes":""},"class_list":["post-8","page","type-page","status-publish","hentry"],"_links":{"self":[{"href":"https:\/\/immobilien.auswandern.world\/es\/wp-json\/wp\/v2\/pages\/8","targetHints":{"allow":["GET"]}}],"collection":[{"href":"https:\/\/immobilien.auswandern.world\/es\/wp-json\/wp\/v2\/pages"}],"about":[{"href":"https:\/\/immobilien.auswandern.world\/es\/wp-json\/wp\/v2\/types\/page"}],"replies":[{"embeddable":true,"href":"https:\/\/immobilien.auswandern.world\/es\/wp-json\/wp\/v2\/comments?post=8"}],"version-history":[{"count":6,"href":"https:\/\/immobilien.auswandern.world\/es\/wp-json\/wp\/v2\/pages\/8\/revisions"}],"predecessor-version":[{"id":2288,"href":"https:\/\/immobilien.auswandern.world\/es\/wp-json\/wp\/v2\/pages\/8\/revisions\/2288"}],"wp:attachment":[{"href":"https:\/\/immobilien.auswandern.world\/es\/wp-json\/wp\/v2\/media?parent=8"}],"curies":[{"name":"wp","href":"https:\/\/api.w.org\/{rel}","templated":true}]}}