{"id":1032,"date":"2021-11-07T06:27:00","date_gmt":"2021-11-07T06:27:00","guid":{"rendered":"https:\/\/immobilien.auswandern.es\/?page_id=1032"},"modified":"2024-09-10T19:16:48","modified_gmt":"2024-09-10T17:16:48","slug":"terms-conditions-page","status":"publish","type":"page","link":"https:\/\/immobilien.auswandern.world\/es\/terms-conditions-page\/","title":{"rendered":"T\u00e9rminos y condiciones"},"content":{"rendered":"<div data-elementor-type=\"wp-page\" data-elementor-id=\"1032\" class=\"elementor elementor-1032\" data-elementor-post-type=\"page\">\n\t\t\t\t\t\t<section class=\"elementor-section elementor-top-section elementor-element elementor-element-70b8e0b1 elementor-section-boxed elementor-section-height-default elementor-section-height-default\" data-id=\"70b8e0b1\" data-element_type=\"section\" data-e-type=\"section\">\n\t\t\t\t\t\t<div class=\"elementor-container elementor-column-gap-default\">\n\t\t\t\t\t<div class=\"elementor-column elementor-col-100 elementor-top-column elementor-element elementor-element-4da5caf0\" data-id=\"4da5caf0\" data-element_type=\"column\" data-e-type=\"column\">\n\t\t\t<div class=\"elementor-widget-wrap elementor-element-populated\">\n\t\t\t\t\t\t<div class=\"elementor-element elementor-element-61a28163 elementor-widget elementor-widget-text-editor\" data-id=\"61a28163\" data-element_type=\"widget\" data-e-type=\"widget\" data-widget_type=\"text-editor.default\">\n\t\t\t\t<div class=\"elementor-widget-container\">\n\t\t\t\t\t\t\t\t\t<h4>Se deben aceptar las bases legales.<\/h4><p>Despu\u00e9s del pago, el administrador del sitio web autoriza y activa el anuncio.<\/p><p>Exclusi\u00f3n de garant\u00eda y responsabilidad:<\/p><p>Las ofertas inmobiliarias son ventas privadas. Cada proveedor es responsable del contenido. El interesado deber\u00e1 solicitar la informaci\u00f3n al prestador y comprobarla bajo su propia responsabilidad antes de celebrar el contrato.<\/p><p>El sitio web cobra una tarifa por la presentaci\u00f3n en l\u00ednea, pero no act\u00faa como agente o proveedor de la propiedad.<\/p><p>En caso de reclamaci\u00f3n de recurso y responsabilidad, el comprador o interesado deber\u00e1 ponerse en contacto con el proveedor o vendedor.<\/p><p>La web inmobiliaria se distancia de esto <br \/>Contenido de la informaci\u00f3n y rechaza cualquier responsabilidad.<\/p><p>santa cruz de la sierra\u00a0<br \/>Septiembre 2024<\/p>\t\t\t\t\t\t\t\t<\/div>\n\t\t\t\t<\/div>\n\t\t\t\t\t<\/div>\n\t\t<\/div>\n\t\t\t\t\t<\/div>\n\t\t<\/section>\n\t\t\t\t<\/div>","protected":false},"excerpt":{"rendered":"<p>Se deben aceptar las bases legales. Despu\u00e9s del pago, el administrador del sitio web autoriza y activa el anuncio. Exclusi\u00f3n de garant\u00eda y responsabilidad: Las ofertas inmobiliarias son [\u2026]<\/p>","protected":false},"author":1,"featured_media":0,"parent":0,"menu_order":0,"comment_status":"closed","ping_status":"closed","template":"","meta":{"footnotes":""},"class_list":["post-1032","page","type-page","status-publish","hentry"],"_links":{"self":[{"href":"https:\/\/immobilien.auswandern.world\/es\/wp-json\/wp\/v2\/pages\/1032","targetHints":{"allow":["GET"]}}],"collection":[{"href":"https:\/\/immobilien.auswandern.world\/es\/wp-json\/wp\/v2\/pages"}],"about":[{"href":"https:\/\/immobilien.auswandern.world\/es\/wp-json\/wp\/v2\/types\/page"}],"author":[{"embeddable":true,"href":"https:\/\/immobilien.auswandern.world\/es\/wp-json\/wp\/v2\/users\/1"}],"replies":[{"embeddable":true,"href":"https:\/\/immobilien.auswandern.world\/es\/wp-json\/wp\/v2\/comments?post=1032"}],"version-history":[{"count":10,"href":"https:\/\/immobilien.auswandern.world\/es\/wp-json\/wp\/v2\/pages\/1032\/revisions"}],"predecessor-version":[{"id":2325,"href":"https:\/\/immobilien.auswandern.world\/es\/wp-json\/wp\/v2\/pages\/1032\/revisions\/2325"}],"wp:attachment":[{"href":"https:\/\/immobilien.auswandern.world\/es\/wp-json\/wp\/v2\/media?parent=1032"}],"curies":[{"name":"wp","href":"https:\/\/api.w.org\/{rel}","templated":true}]}}